{"id":28957,"date":"2021-05-02T13:49:48","date_gmt":"2021-05-02T11:49:48","guid":{"rendered":"https:\/\/lynattitude.com\/produit\/anina\/"},"modified":"2021-05-19T17:02:52","modified_gmt":"2021-05-19T15:02:52","slug":"anina","status":"publish","type":"product","link":"https:\/\/lynattitude.com\/en_US\/produit\/anina\/","title":{"rendered":"ANINA"},"content":{"rendered":"","protected":false},"excerpt":{"rendered":"<p>Die Jersey Hose hat ein weites Bein und eine \u00be Beinl\u00e4nge.<br \/>\nDer verstellbare Gummibund, hat zus\u00e4tzlich eine Kordel und \u00d6senausg\u00e4nge.<br \/>\nDer Kordelstopper vorne Mitte, sorgt f\u00fcr ein Sportliches aussehen.<br \/>\nVorne Mitte hat es eine abgesteppte Bundfalte f\u00fcr eine klassische Optik.<br \/>\nZus\u00e4tzlich wird so das Bein gestreckt.<br \/>\nSeitlich hat es zwei Seitenn\u00e4hte, die zus\u00e4tzlich das Bein schlank machen.<br \/>\nIn den Vorderen Seitenn\u00e4hten, hat es Verdeckte Taschen.<br \/>\nDie ultra leichte Jogginghose, ist perfekt f\u00fcr den Sommer.<\/p>\n","protected":false},"featured_media":29072,"comment_status":"open","ping_status":"closed","template":"","meta":[],"product_brand":[],"product_cat":[40],"product_tag":[],"class_list":{"0":"post-28957","1":"product","2":"type-product","3":"status-publish","4":"has-post-thumbnail","6":"product_cat-bottoms-2","8":"first","9":"onbackorder","10":"taxable","11":"shipping-taxable","12":"purchasable","13":"product-type-simple"},"_links":{"self":[{"href":"https:\/\/lynattitude.com\/en_US\/wp-json\/wp\/v2\/product\/28957","targetHints":{"allow":["GET"]}}],"collection":[{"href":"https:\/\/lynattitude.com\/en_US\/wp-json\/wp\/v2\/product"}],"about":[{"href":"https:\/\/lynattitude.com\/en_US\/wp-json\/wp\/v2\/types\/product"}],"replies":[{"embeddable":true,"href":"https:\/\/lynattitude.com\/en_US\/wp-json\/wp\/v2\/comments?post=28957"}],"wp:featuredmedia":[{"embeddable":true,"href":"https:\/\/lynattitude.com\/en_US\/wp-json\/wp\/v2\/media\/29072"}],"wp:attachment":[{"href":"https:\/\/lynattitude.com\/en_US\/wp-json\/wp\/v2\/media?parent=28957"}],"wp:term":[{"taxonomy":"product_brand","embeddable":true,"href":"https:\/\/lynattitude.com\/en_US\/wp-json\/wp\/v2\/product_brand?post=28957"},{"taxonomy":"product_cat","embeddable":true,"href":"https:\/\/lynattitude.com\/en_US\/wp-json\/wp\/v2\/product_cat?post=28957"},{"taxonomy":"product_tag","embeddable":true,"href":"https:\/\/lynattitude.com\/en_US\/wp-json\/wp\/v2\/product_tag?post=28957"}],"curies":[{"name":"wp","href":"https:\/\/api.w.org\/{rel}","templated":true}]}}