{"id":28961,"date":"2021-05-02T13:49:49","date_gmt":"2021-05-02T11:49:49","guid":{"rendered":"https:\/\/lynattitude.com\/produit\/alana\/"},"modified":"2021-05-19T15:18:23","modified_gmt":"2021-05-19T13:18:23","slug":"alana","status":"publish","type":"product","link":"https:\/\/lynattitude.com\/en_US\/produit\/alana\/","title":{"rendered":"ALANA"},"content":{"rendered":"<p>\u00bd Bundweite: 36cm<br \/>\nVorderel\u00e4nge: 63cm<br \/>\nHinterel\u00e4nge: 68cm<\/p>\n","protected":false},"excerpt":{"rendered":"<p>Der Jupe hat eine A-Linien und ist mittellang.<br \/>\nDie Druckknopfverschlussleiste ist verdeckt, in der hinteren Mitte.<br \/>\nDer verstellbarer Gummibund, hat zus\u00e4tzlich eine Kordel und \u00d6senausg\u00e4nge.<br \/>\nDer Kordelstopper vorne Mitte, sorgt f\u00fcr ein Sportliches aussehen.<br \/>\nVorne hat es gelegte Bundfalten und italienische Taschen.<br \/>\nDer Jersey hat eine leichte Wabenstruktur.<br \/>\nDer Jupe ist Sportlich, aber Chic zu gleich ein perfekter Allrounder.<\/p>\n","protected":false},"featured_media":29102,"comment_status":"open","ping_status":"closed","template":"","meta":[],"product_brand":[],"product_cat":[40],"product_tag":[],"class_list":{"0":"post-28961","1":"product","2":"type-product","3":"status-publish","4":"has-post-thumbnail","6":"product_cat-bottoms-2","8":"first","9":"onbackorder","10":"taxable","11":"shipping-taxable","12":"purchasable","13":"product-type-simple"},"_links":{"self":[{"href":"https:\/\/lynattitude.com\/en_US\/wp-json\/wp\/v2\/product\/28961","targetHints":{"allow":["GET"]}}],"collection":[{"href":"https:\/\/lynattitude.com\/en_US\/wp-json\/wp\/v2\/product"}],"about":[{"href":"https:\/\/lynattitude.com\/en_US\/wp-json\/wp\/v2\/types\/product"}],"replies":[{"embeddable":true,"href":"https:\/\/lynattitude.com\/en_US\/wp-json\/wp\/v2\/comments?post=28961"}],"wp:featuredmedia":[{"embeddable":true,"href":"https:\/\/lynattitude.com\/en_US\/wp-json\/wp\/v2\/media\/29102"}],"wp:attachment":[{"href":"https:\/\/lynattitude.com\/en_US\/wp-json\/wp\/v2\/media?parent=28961"}],"wp:term":[{"taxonomy":"product_brand","embeddable":true,"href":"https:\/\/lynattitude.com\/en_US\/wp-json\/wp\/v2\/product_brand?post=28961"},{"taxonomy":"product_cat","embeddable":true,"href":"https:\/\/lynattitude.com\/en_US\/wp-json\/wp\/v2\/product_cat?post=28961"},{"taxonomy":"product_tag","embeddable":true,"href":"https:\/\/lynattitude.com\/en_US\/wp-json\/wp\/v2\/product_tag?post=28961"}],"curies":[{"name":"wp","href":"https:\/\/api.w.org\/{rel}","templated":true}]}}