{"id":29175,"date":"2021-07-11T14:50:36","date_gmt":"2021-07-11T12:50:36","guid":{"rendered":"https:\/\/lynattitude.com\/?page_id=29175"},"modified":"2021-07-11T15:01:03","modified_gmt":"2021-07-11T13:01:03","slug":"about","status":"publish","type":"page","link":"https:\/\/lynattitude.com\/fr_FR\/about\/","title":{"rendered":"About"},"content":{"rendered":"\n<p class=\"has-normal-font-size\"><strong>lyn<\/strong> verbindet \u00c4sthetik mit einem unglaublichen Tragkomfort, einem hohen Anspruch an Qualit\u00e4t welche ultra leicht in der Pflege ist.<\/p>\n\n\n\n<p class=\"has-normal-font-size\">Nach der Geburt meines ersten Sohnes, war der Wunsch mich immer noch sch\u00f6n aber vor allem auch bequem zu kleiden. <\/p>\n\n\n\n<p class=\"has-normal-font-size\">Priorit\u00e4r und zus\u00e4tzlich wollte ich Kleidung die Pflegeleicht und strapazierf\u00e4hig ist.<\/p>\n\n\n\n<p class=\"has-normal-font-size\">Also Kleider die gut ins Business und gleichzeitig auf den Spielplatz passen. \ud83d\ude09<\/p>\n\n\n\n<p class=\"has-normal-font-size\">Als gelernte Damenschneiderin und nach einem Designstudium im Paris, habe ich mich dann kurzerhand entschieden, mir die Kleider, selber zu kreieren und anzufertigen. Somit ist dann, die Marke <strong>lyn<\/strong> entstanden.<\/p>\n\n\n\n<p class=\"has-normal-font-size\">\u00ably\u00bb steht f\u00fcr meinen Vornamen Lydia und das \u00abn\u00bb f\u00fcr meinen Familiennamen Niederberger.<\/p>\n\n\n\n<p class=\"has-normal-font-size\">Die Kollektionen entstehen in einem kleinen Atelier im Herzen der Schweiz in Nidwalden und wird ausschliesslich in Europa produziert. Ich bin bedacht darauf, den k\u00fcrzesten weg zwischen dem Garn und der Produktion des Kleidungsst\u00fcckes zu w\u00e4hlen. Wann immer es m\u00f6glich ist, greife ich auf Recycletem Materialien zur\u00fcck. Um so auch bei jedem produzierten Kleidungsst\u00fcck an die Verantwortung zu denken, unser Umwelt zu respektieren und Wert zu sch\u00e4tzen.<\/p>\n\n\n\n<p class=\"has-normal-font-size\">Um eine \u00dcberproduktion zu vermeiden, setze ich zus\u00e4tzlich auf eine 2 monatige Vororder Periode und versuche so lieber weniger, wie mehr zu produzieren. Nehme so nat\u00fcrlich h\u00f6here Produktionskosten und eine kleinere Marsche in Kauf, was aber ganz den Werten von mir und <strong>lyn<\/strong> entspricht.<\/p>\n","protected":false},"excerpt":{"rendered":"<p>lyn allie esth\u00e9tique avec un incroyable confort et une exigence \u00e9lev\u00e9e de qualit\u00e9 qui permet un entretien facile et rapide. Apr\u00e8s la naissance de mon premier fils, j&rsquo;avais le souhait de continuer \u00e0 bien m&rsquo;habiller tout en \u00e9tant confortable dans ce que je porte. L&rsquo;entretien facile et la solidit\u00e9\/durabilit\u00e9 des&hellip;<\/p>\n","protected":false},"author":1,"featured_media":0,"parent":0,"menu_order":0,"comment_status":"closed","ping_status":"closed","template":"","meta":{"footnotes":""},"class_list":["post-29175","page","type-page","status-publish","hentry"],"_links":{"self":[{"href":"https:\/\/lynattitude.com\/fr_FR\/wp-json\/wp\/v2\/pages\/29175","targetHints":{"allow":["GET"]}}],"collection":[{"href":"https:\/\/lynattitude.com\/fr_FR\/wp-json\/wp\/v2\/pages"}],"about":[{"href":"https:\/\/lynattitude.com\/fr_FR\/wp-json\/wp\/v2\/types\/page"}],"author":[{"embeddable":true,"href":"https:\/\/lynattitude.com\/fr_FR\/wp-json\/wp\/v2\/users\/1"}],"replies":[{"embeddable":true,"href":"https:\/\/lynattitude.com\/fr_FR\/wp-json\/wp\/v2\/comments?post=29175"}],"version-history":[{"count":5,"href":"https:\/\/lynattitude.com\/fr_FR\/wp-json\/wp\/v2\/pages\/29175\/revisions"}],"predecessor-version":[{"id":29182,"href":"https:\/\/lynattitude.com\/fr_FR\/wp-json\/wp\/v2\/pages\/29175\/revisions\/29182"}],"wp:attachment":[{"href":"https:\/\/lynattitude.com\/fr_FR\/wp-json\/wp\/v2\/media?parent=29175"}],"curies":[{"name":"wp","href":"https:\/\/api.w.org\/{rel}","templated":true}]}}