{"id":28951,"date":"2021-05-02T13:49:47","date_gmt":"2021-05-02T11:49:47","guid":{"rendered":"https:\/\/lynattitude.com\/produit\/amani\/"},"modified":"2021-05-19T17:17:41","modified_gmt":"2021-05-19T15:17:41","slug":"amani","status":"publish","type":"product","link":"https:\/\/lynattitude.com\/fr_FR\/produit\/amani\/","title":{"rendered":"AMANI"},"content":{"rendered":"","protected":false},"excerpt":{"rendered":"<p>Der \u00e4rmellose Gilet Blaze, hat einen klassischen Blazerkragen.<br \/>\nDie Druckknopfverschlussleiste, ist verdeckt in der vorderen Mitte.<br \/>\nEs hat seitliche Taschen, in der Vorderen Seitennaht.<br \/>\nDie Gurtschlaufen mit dem zus\u00e4tzlichen G\u00fcrtel, sorgen f\u00fcr mehr Taillierung.<br \/>\n\u00dcber die Schultern, haben wir leicht angeschnittene \u00c4rmelkappen.<br \/>\nDer Jersey hat eine leichte Wabenstruktur.<br \/>\nDie Taillierung, sorgt f\u00fcr eine weibliche Silhouette.<\/p>\n","protected":false},"featured_media":29082,"comment_status":"open","ping_status":"closed","template":"","meta":[],"product_brand":[],"product_cat":[38],"product_tag":[],"class_list":{"0":"post-28951","1":"product","2":"type-product","3":"status-publish","4":"has-post-thumbnail","6":"product_cat-tops-2","8":"first","9":"onbackorder","10":"taxable","11":"shipping-taxable","12":"purchasable","13":"product-type-simple"},"_links":{"self":[{"href":"https:\/\/lynattitude.com\/fr_FR\/wp-json\/wp\/v2\/product\/28951","targetHints":{"allow":["GET"]}}],"collection":[{"href":"https:\/\/lynattitude.com\/fr_FR\/wp-json\/wp\/v2\/product"}],"about":[{"href":"https:\/\/lynattitude.com\/fr_FR\/wp-json\/wp\/v2\/types\/product"}],"replies":[{"embeddable":true,"href":"https:\/\/lynattitude.com\/fr_FR\/wp-json\/wp\/v2\/comments?post=28951"}],"wp:featuredmedia":[{"embeddable":true,"href":"https:\/\/lynattitude.com\/fr_FR\/wp-json\/wp\/v2\/media\/29082"}],"wp:attachment":[{"href":"https:\/\/lynattitude.com\/fr_FR\/wp-json\/wp\/v2\/media?parent=28951"}],"wp:term":[{"taxonomy":"product_brand","embeddable":true,"href":"https:\/\/lynattitude.com\/fr_FR\/wp-json\/wp\/v2\/product_brand?post=28951"},{"taxonomy":"product_cat","embeddable":true,"href":"https:\/\/lynattitude.com\/fr_FR\/wp-json\/wp\/v2\/product_cat?post=28951"},{"taxonomy":"product_tag","embeddable":true,"href":"https:\/\/lynattitude.com\/fr_FR\/wp-json\/wp\/v2\/product_tag?post=28951"}],"curies":[{"name":"wp","href":"https:\/\/api.w.org\/{rel}","templated":true}]}}